{"id":99,"date":"2024-03-27T10:35:39","date_gmt":"2024-03-27T09:35:39","guid":{"rendered":"https:\/\/ankamusic.pl\/?page_id=99"},"modified":"2024-10-26T12:51:15","modified_gmt":"2024-10-26T10:51:15","slug":"koncerty","status":"publish","type":"page","link":"https:\/\/ankamusic.pl\/index.php\/koncerty\/","title":{"rendered":"Koncerty"},"content":{"rendered":"<p><a tabindex=\"-1\" href=\"https:\/\/strefakultury.pl\/wydarzenie\/anka-koncert\/\">\u00a0<\/a><\/p>\n<h3><a href=\"https:\/\/strefakultury.pl\/wydarzenie\/anka-koncert\/\"><br \/>\n09.11 &#8211; Wroc\u0142aw- Firlej &#8211; g. 19:00<\/a><\/h3>\n<p><a href=\"https:\/\/strefakultury.pl\/wydarzenie\/anka-koncert\/\"><br \/>\nBilety<br \/>\n<\/a><br \/>\n<a tabindex=\"-1\" href=\"https:\/\/biletyna.pl\/event\/view\/id\/464866\"><br \/>\n<\/a><\/p>\n<h3><a href=\"https:\/\/biletyna.pl\/event\/view\/id\/464866\"><br \/>\n14.11 &#8211; \u0141\u00f3d\u017a &#8211; Scenografia &#8211; g. 19:00<\/a><\/h3>\n<p><a href=\"https:\/\/biletyna.pl\/event\/view\/id\/464866\"><br \/>\nBilety<br \/>\n<\/a><br \/>\n<a tabindex=\"-1\" href=\"https:\/\/biletyna.pl\/event\/view\/id\/464959\"><br \/>\n<\/a><\/p>\n<h3><a href=\"https:\/\/biletyna.pl\/event\/view\/id\/464959\"><br \/>\n20.11 Warszawa &#8211; Ku\u017ania Kulturalna &#8211; g. 20:30<\/a><\/h3>\n<p><a href=\"https:\/\/biletyna.pl\/event\/view\/id\/464959\"><br \/>\nBilety<br \/>\n<\/a><br \/>\n<a tabindex=\"-1\" href=\"https:\/\/biletyna.pl\/event\/view\/id\/465486\"><br \/>\n<\/a><\/p>\n<h3><a href=\"https:\/\/biletyna.pl\/event\/view\/id\/465486\"><br \/>\n22.11 Katowice &#8211; DK Koszutka &#8211; g. 19:00<\/a><\/h3>\n<p><a href=\"https:\/\/biletyna.pl\/event\/view\/id\/465486\"><br \/>\nBilety<br \/>\n<\/a><br \/>\n<a tabindex=\"-1\" href=\"https:\/\/www.eventim.pl\/event\/anka-klub-gwarek-19184231\/?srsltid=AfmBOorlMvfn3PuYfvIYVwJrhYY8rsnFWgVAFTyDfe9E3sB573qJT-uY\"><br \/>\n<\/a><\/p>\n<h3><a href=\"https:\/\/www.eventim.pl\/event\/anka-klub-gwarek-19184231\/?srsltid=AfmBOorlMvfn3PuYfvIYVwJrhYY8rsnFWgVAFTyDfe9E3sB573qJT-uY\"><br \/>\n23.11 Krak\u00f3w &#8211; Gwarek &#8211; g. 20:00<\/a><\/h3>\n<p><a href=\"https:\/\/www.eventim.pl\/event\/anka-klub-gwarek-19184231\/?srsltid=AfmBOorlMvfn3PuYfvIYVwJrhYY8rsnFWgVAFTyDfe9E3sB573qJT-uY\"><br \/>\nBilety<br \/>\n<\/a><\/p>\n","protected":false},"excerpt":{"rendered":"<p>\u00a0 09.11 &#8211; Wroc\u0142aw- Firlej &#8211; g. 19:00 Bilety 14.11 &#8211; \u0141\u00f3d\u017a &#8211; Scenografia &#8211; g. 19:00 Bilety 20.11 Warszawa&#8230;<\/p>\n","protected":false},"author":1,"featured_media":0,"parent":0,"menu_order":0,"comment_status":"closed","ping_status":"closed","template":"elementor_theme","meta":{"footnotes":""},"class_list":["post-99","page","type-page","status-publish","hentry"],"acf":[],"_links":{"self":[{"href":"https:\/\/ankamusic.pl\/index.php\/wp-json\/wp\/v2\/pages\/99","targetHints":{"allow":["GET"]}}],"collection":[{"href":"https:\/\/ankamusic.pl\/index.php\/wp-json\/wp\/v2\/pages"}],"about":[{"href":"https:\/\/ankamusic.pl\/index.php\/wp-json\/wp\/v2\/types\/page"}],"author":[{"embeddable":true,"href":"https:\/\/ankamusic.pl\/index.php\/wp-json\/wp\/v2\/users\/1"}],"replies":[{"embeddable":true,"href":"https:\/\/ankamusic.pl\/index.php\/wp-json\/wp\/v2\/comments?post=99"}],"version-history":[{"count":28,"href":"https:\/\/ankamusic.pl\/index.php\/wp-json\/wp\/v2\/pages\/99\/revisions"}],"predecessor-version":[{"id":170,"href":"https:\/\/ankamusic.pl\/index.php\/wp-json\/wp\/v2\/pages\/99\/revisions\/170"}],"wp:attachment":[{"href":"https:\/\/ankamusic.pl\/index.php\/wp-json\/wp\/v2\/media?parent=99"}],"curies":[{"name":"wp","href":"https:\/\/api.w.org\/{rel}","templated":true}]}}