{"id":163,"date":"2024-10-26T10:35:10","date_gmt":"2024-10-26T08:35:10","guid":{"rendered":"https:\/\/ankamusic.pl\/?post_type=product&#038;p=163"},"modified":"2024-12-05T17:24:36","modified_gmt":"2024-12-05T16:24:36","slug":"anka-szosty-zmysl-preorder","status":"publish","type":"product","link":"https:\/\/ankamusic.pl\/index.php\/product\/anka-szosty-zmysl-preorder\/","title":{"rendered":"Anka &#8211; Sz\u00f3sty zmys\u0142"},"content":{"rendered":"<p>Anka \u2013Sz\u00f3sty zmys\u0142<\/p>\n<p>15 listopada mia\u0142a premier\u0119 druga p\u0142yta formacji ANKA \u2013 pt. \u201eSz\u00f3sty zmys\u0142\u201d.<br \/>\nTen album to kilkana\u015bcie portret\u00f3w kobiet \u2013 uchwyconych w r\u00f3\u017cnych momentach \u017cycia,<br \/>\nw r\u00f3\u017cnych emocjach i nastrojach. To taki obraz wsp\u00f3\u0142czesnej, szeroko pojmowanej<br \/>\nkobieco\u015bci, o wielu odcieniach.<br \/>\nPo sukcesie pierwszej p\u0142yty, drugim miejscu w Konkursie Premier na Festiwalu w Opolu oraz<br \/>\nponad 12 milionami ods\u0142on na YT hitu \u201eZ ka\u017cda chwil\u0105 z\u0142a\u201d, grupa otwiera nast\u0119pny rozdzia\u0142<br \/>\nswojej historii.<br \/>\nZ intryguj\u0105cym wizerunkiem, nowym brzmieniem Anka wraca do korzeni, czyli do swoich<br \/>\nwieloletnich fascynacji muzycznych.<\/p>\n<p><strong>Tracklista albumu:<\/strong><\/p>\n<p>1. Grzech<br \/>\n2. \u015awiat\u0142o<br \/>\n3. Kr\u00f3lowa balu<br \/>\n4. Sama<br \/>\n5. Sz\u00f3sty zmys\u0142<br \/>\n6. Bli\u017cej<br \/>\n7. Przytul mnie mocno<br \/>\n8. O wiele mniej<br \/>\n9. Perfekcyjna<br \/>\n10. Nowa Era<br \/>\n11. Przyjaci\u00f3\u0142ko<br \/>\n12. Uwaga na emocje<br \/>\n13. Intuicja<br \/>\n14. Credo<br \/>\n15. Idiotka<br \/>\n16. Dzi\u0119ki<\/p>\n","protected":false},"excerpt":{"rendered":"<p>Zam\u00f3w ju\u017c dzi\u015b, dostaniesz p\u0142yt\u0119 z autografem!<\/p>\n","protected":false},"featured_media":164,"comment_status":"open","ping_status":"closed","template":"","meta":[],"product_cat":[15,16],"product_tag":[],"class_list":{"0":"post-163","1":"product","2":"type-product","3":"status-publish","4":"has-post-thumbnail","6":"product_cat-uncategorized","7":"product_cat-plyty-cd","9":"first","10":"instock","11":"shipping-taxable","12":"purchasable","13":"product-type-simple"},"acf":[],"_links":{"self":[{"href":"https:\/\/ankamusic.pl\/index.php\/wp-json\/wp\/v2\/product\/163","targetHints":{"allow":["GET"]}}],"collection":[{"href":"https:\/\/ankamusic.pl\/index.php\/wp-json\/wp\/v2\/product"}],"about":[{"href":"https:\/\/ankamusic.pl\/index.php\/wp-json\/wp\/v2\/types\/product"}],"replies":[{"embeddable":true,"href":"https:\/\/ankamusic.pl\/index.php\/wp-json\/wp\/v2\/comments?post=163"}],"wp:featuredmedia":[{"embeddable":true,"href":"https:\/\/ankamusic.pl\/index.php\/wp-json\/wp\/v2\/media\/164"}],"wp:attachment":[{"href":"https:\/\/ankamusic.pl\/index.php\/wp-json\/wp\/v2\/media?parent=163"}],"wp:term":[{"taxonomy":"product_cat","embeddable":true,"href":"https:\/\/ankamusic.pl\/index.php\/wp-json\/wp\/v2\/product_cat?post=163"},{"taxonomy":"product_tag","embeddable":true,"href":"https:\/\/ankamusic.pl\/index.php\/wp-json\/wp\/v2\/product_tag?post=163"}],"curies":[{"name":"wp","href":"https:\/\/api.w.org\/{rel}","templated":true}]}}