{"id":20,"date":"2024-02-26T15:08:58","date_gmt":"2024-02-26T14:08:58","guid":{"rendered":"https:\/\/ankamusic.pl\/?post_type=product&#038;p=20"},"modified":"2024-03-01T18:44:48","modified_gmt":"2024-03-01T17:44:48","slug":"anka","status":"publish","type":"product","link":"https:\/\/ankamusic.pl\/index.php\/product\/anka\/","title":{"rendered":"Anka"},"content":{"rendered":"<ol>\n<li>Czu\u0142e s\u0142owa<\/li>\n<li>Z ka\u017cd\u0105 chwil\u0105<\/li>\n<li>Nad p\u0142on\u0105c\u0105 rzek\u0105<\/li>\n<li>Zapl\u0105tani<\/li>\n<li>Czarna my\u015bl<\/li>\n<li>Tego dzi\u015b chc\u0119<\/li>\n<li>Jeste\u015b szept<\/li>\n<li>Nie przekre\u015blaj mnie<\/li>\n<li>Kamelia<\/li>\n<li>Romantycy<\/li>\n<li>Od nowa<\/li>\n<li>Pos\u0142uchaj mnie<\/li>\n<li>W chmurach<\/li>\n<li>Zapomnie\u0107<\/li>\n<li>Sk\u0142adam bro\u0144<\/li>\n<li>A mog\u0142o by\u0107 tak<\/li>\n<\/ol>\n","protected":false},"excerpt":{"rendered":"<p>ANKA \u2013 Debiutancki album Ani \u015awi\u0105tczak, kt\u00f3r\u0105 fani muzyki kojarz\u0105 z zespo\u0142u Ich Troje. Niemniej Ania to tak\u017ce \u201eSzansa na sukces\u201d z piosenk\u0105 \u201ePami\u0119tasz by\u0142a jesie\u0144\u201d, Opolskie Debiuty w 1996 roku. Teraz czas na materia\u0142 solowy!<\/p>\n","protected":false},"featured_media":21,"comment_status":"open","ping_status":"closed","template":"","meta":[],"product_cat":[16],"product_tag":[],"class_list":{"0":"post-20","1":"product","2":"type-product","3":"status-publish","4":"has-post-thumbnail","6":"product_cat-plyty-cd","8":"first","9":"instock","10":"shipping-taxable","11":"purchasable","12":"product-type-simple"},"acf":[],"_links":{"self":[{"href":"https:\/\/ankamusic.pl\/index.php\/wp-json\/wp\/v2\/product\/20","targetHints":{"allow":["GET"]}}],"collection":[{"href":"https:\/\/ankamusic.pl\/index.php\/wp-json\/wp\/v2\/product"}],"about":[{"href":"https:\/\/ankamusic.pl\/index.php\/wp-json\/wp\/v2\/types\/product"}],"replies":[{"embeddable":true,"href":"https:\/\/ankamusic.pl\/index.php\/wp-json\/wp\/v2\/comments?post=20"}],"wp:featuredmedia":[{"embeddable":true,"href":"https:\/\/ankamusic.pl\/index.php\/wp-json\/wp\/v2\/media\/21"}],"wp:attachment":[{"href":"https:\/\/ankamusic.pl\/index.php\/wp-json\/wp\/v2\/media?parent=20"}],"wp:term":[{"taxonomy":"product_cat","embeddable":true,"href":"https:\/\/ankamusic.pl\/index.php\/wp-json\/wp\/v2\/product_cat?post=20"},{"taxonomy":"product_tag","embeddable":true,"href":"https:\/\/ankamusic.pl\/index.php\/wp-json\/wp\/v2\/product_tag?post=20"}],"curies":[{"name":"wp","href":"https:\/\/api.w.org\/{rel}","templated":true}]}}